{"id":20911,"date":"2023-09-28T10:05:20","date_gmt":"2023-09-28T08:05:20","guid":{"rendered":"https:\/\/dicelair.com\/shop\/uncategorized\/organizer-rpg-lancia-dadi-drago\/"},"modified":"2026-01-26T11:29:07","modified_gmt":"2026-01-26T10:29:07","slug":"organizer-rpg-lancia-dadi-drago","status":"publish","type":"product","link":"https:\/\/dicelair.com\/en\/shop\/accessories\/dice-roller\/organizer-rpg-lancia-dadi-drago\/","title":{"rendered":"Organizer RPG \/ lanciadadi in legno &#8211; Drago"},"content":{"rendered":"<p>AVVERTENZA! Questo prodotto non \u00e8 un giocattolo. Non \u00e8 destinato ad essere venduto e utilizzato da bambini di et\u00e0 inferiore a 14 anni.<\/p>\n","protected":false},"excerpt":{"rendered":"<p>Organizer RPG portadadi e lanciadadi in legno scuro rettangolare (20 x 20 x 3.5 cm) con grafica drago.<br \/>\nQuesta scatola con chiusura magnetica si divide in due, una parte \u00e8 foderata con velluto e serve come dice tray, l&#8217;altra invece serve per contenere dadi e altri oggetti utili per le tue sessioni!<\/p>\n","protected":false},"featured_media":19452,"template":"","meta":[],"product_brand":[],"product_cat":[648,646,1013],"product_tag":[927,875],"giftcard-category":[],"class_list":{"0":"post-20911","1":"product","2":"type-product","3":"status-publish","4":"has-post-thumbnail","6":"product_cat-dice-holder","7":"product_cat-dice-roller","8":"product_cat-preorderable","9":"product_tag-dark-brown-en","10":"product_tag-wood","12":"first","13":"instock","14":"taxable","15":"shipping-taxable","16":"purchasable","17":"product-type-simple"},"yoast_head":"<!-- This site is optimized with the Yoast SEO plugin v27.3 - https:\/\/yoast.com\/product\/yoast-seo-wordpress\/ -->\n<title>Organizer RPG \/ lanciadadi in legno - Drago &#8226; Dice Lair<\/title>\n<meta name=\"description\" content=\"Organizer RPG portadadi e lanciadadi in legno scuro rettangolare (20 x 20 x 3.5 cm) con grafica drago.Questa scatola con chiusura magnetica si divide in due, una parte \u00e8 foderata con velluto e serve come dice tray, l&#039;altra invece serve per contenere dadi e altri oggetti utili per le tue sessioni!\" \/>\n<meta name=\"robots\" content=\"index, follow, max-snippet:-1, max-image-preview:large, max-video-preview:-1\" \/>\n<link rel=\"canonical\" href=\"https:\/\/dicelair.com\/en\/shop\/accessories\/dice-roller\/organizer-rpg-lancia-dadi-drago\/\" \/>\n<meta property=\"og:locale\" content=\"en_US\" \/>\n<meta property=\"og:type\" content=\"article\" \/>\n<meta property=\"og:title\" content=\"Organizer RPG \/ lanciadadi in legno - Drago &#8226; Dice Lair\" \/>\n<meta property=\"og:description\" content=\"Organizer RPG portadadi e lanciadadi in legno scuro rettangolare (20 x 20 x 3.5 cm) con grafica drago.Questa scatola con chiusura magnetica si divide in due, una parte \u00e8 foderata con velluto e serve come dice tray, l&#039;altra invece serve per contenere dadi e altri oggetti utili per le tue sessioni!\" \/>\n<meta property=\"og:url\" content=\"https:\/\/dicelair.com\/en\/shop\/accessories\/dice-roller\/organizer-rpg-lancia-dadi-drago\/\" \/>\n<meta property=\"og:site_name\" content=\"Dice Lair\" \/>\n<meta property=\"article:publisher\" content=\"https:\/\/www.facebook.com\/dicelaircompany\" \/>\n<meta property=\"article:modified_time\" content=\"2026-01-26T10:29:07+00:00\" \/>\n<meta property=\"og:image\" content=\"https:\/\/dicelair.com\/wp-content\/uploads\/2023\/09\/PORTADADI-LEGNO-DRAGO-ROSSO-3.jpg\" \/>\n\t<meta property=\"og:image:width\" content=\"1200\" \/>\n\t<meta property=\"og:image:height\" content=\"1200\" \/>\n\t<meta property=\"og:image:type\" content=\"image\/jpeg\" \/>\n<meta name=\"twitter:card\" content=\"summary_large_image\" \/>\n<meta name=\"twitter:label1\" content=\"Est. reading time\" \/>\n\t<meta name=\"twitter:data1\" content=\"1 minute\" \/>\n<script type=\"application\/ld+json\" class=\"yoast-schema-graph\">{\"@context\":\"https:\\\/\\\/schema.org\",\"@graph\":[{\"@type\":\"WebPage\",\"@id\":\"https:\\\/\\\/dicelair.com\\\/en\\\/shop\\\/accessories\\\/dice-roller\\\/organizer-rpg-lancia-dadi-drago\\\/\",\"url\":\"https:\\\/\\\/dicelair.com\\\/en\\\/shop\\\/accessories\\\/dice-roller\\\/organizer-rpg-lancia-dadi-drago\\\/\",\"name\":\"Organizer RPG \\\/ lanciadadi in legno - Drago &#8226; Dice Lair\",\"isPartOf\":{\"@id\":\"https:\\\/\\\/dicelair.com\\\/en\\\/#website\"},\"primaryImageOfPage\":{\"@id\":\"https:\\\/\\\/dicelair.com\\\/en\\\/shop\\\/accessories\\\/dice-roller\\\/organizer-rpg-lancia-dadi-drago\\\/#primaryimage\"},\"image\":{\"@id\":\"https:\\\/\\\/dicelair.com\\\/en\\\/shop\\\/accessories\\\/dice-roller\\\/organizer-rpg-lancia-dadi-drago\\\/#primaryimage\"},\"thumbnailUrl\":\"https:\\\/\\\/dicelair.com\\\/wp-content\\\/uploads\\\/2023\\\/09\\\/PORTADADI-LEGNO-DRAGO-ROSSO-3.jpg\",\"datePublished\":\"2023-09-28T08:05:20+00:00\",\"dateModified\":\"2026-01-26T10:29:07+00:00\",\"description\":\"Organizer RPG portadadi e lanciadadi in legno scuro rettangolare (20 x 20 x 3.5 cm) con grafica drago.Questa scatola con chiusura magnetica si divide in due, una parte \u00e8 foderata con velluto e serve come dice tray, l'altra invece serve per contenere dadi e altri oggetti utili per le tue sessioni!\",\"breadcrumb\":{\"@id\":\"https:\\\/\\\/dicelair.com\\\/en\\\/shop\\\/accessories\\\/dice-roller\\\/organizer-rpg-lancia-dadi-drago\\\/#breadcrumb\"},\"inLanguage\":\"en-US\",\"potentialAction\":[{\"@type\":\"ReadAction\",\"target\":[\"https:\\\/\\\/dicelair.com\\\/en\\\/shop\\\/accessories\\\/dice-roller\\\/organizer-rpg-lancia-dadi-drago\\\/\"]}]},{\"@type\":\"ImageObject\",\"inLanguage\":\"en-US\",\"@id\":\"https:\\\/\\\/dicelair.com\\\/en\\\/shop\\\/accessories\\\/dice-roller\\\/organizer-rpg-lancia-dadi-drago\\\/#primaryimage\",\"url\":\"https:\\\/\\\/dicelair.com\\\/wp-content\\\/uploads\\\/2023\\\/09\\\/PORTADADI-LEGNO-DRAGO-ROSSO-3.jpg\",\"contentUrl\":\"https:\\\/\\\/dicelair.com\\\/wp-content\\\/uploads\\\/2023\\\/09\\\/PORTADADI-LEGNO-DRAGO-ROSSO-3.jpg\",\"width\":1200,\"height\":1200},{\"@type\":\"BreadcrumbList\",\"@id\":\"https:\\\/\\\/dicelair.com\\\/en\\\/shop\\\/accessories\\\/dice-roller\\\/organizer-rpg-lancia-dadi-drago\\\/#breadcrumb\",\"itemListElement\":[{\"@type\":\"ListItem\",\"position\":1,\"name\":\"Home\",\"item\":\"https:\\\/\\\/dicelair.com\\\/en\\\/\"},{\"@type\":\"ListItem\",\"position\":2,\"name\":\"Shop\",\"item\":\"https:\\\/\\\/dicelair.com\\\/en\\\/shop\\\/\"},{\"@type\":\"ListItem\",\"position\":3,\"name\":\"ACCESSORIES\",\"item\":\"https:\\\/\\\/dicelair.com\\\/en\\\/product-category\\\/accessories\\\/\"},{\"@type\":\"ListItem\",\"position\":4,\"name\":\"DICE ROLLER\",\"item\":\"https:\\\/\\\/dicelair.com\\\/en\\\/product-category\\\/accessories\\\/dice-roller\\\/\"},{\"@type\":\"ListItem\",\"position\":5,\"name\":\"Organizer RPG \\\/ lanciadadi in legno &#8211; Drago\"}]},{\"@type\":\"WebSite\",\"@id\":\"https:\\\/\\\/dicelair.com\\\/en\\\/#website\",\"url\":\"https:\\\/\\\/dicelair.com\\\/en\\\/\",\"name\":\"Dice Lair\",\"description\":\"All Around RPG Worlds\",\"publisher\":{\"@id\":\"https:\\\/\\\/dicelair.com\\\/en\\\/#organization\"},\"potentialAction\":[{\"@type\":\"SearchAction\",\"target\":{\"@type\":\"EntryPoint\",\"urlTemplate\":\"https:\\\/\\\/dicelair.com\\\/en\\\/?s={search_term_string}\"},\"query-input\":{\"@type\":\"PropertyValueSpecification\",\"valueRequired\":true,\"valueName\":\"search_term_string\"}}],\"inLanguage\":\"en-US\"},{\"@type\":\"Organization\",\"@id\":\"https:\\\/\\\/dicelair.com\\\/en\\\/#organization\",\"name\":\"DICE LAIR\",\"url\":\"https:\\\/\\\/dicelair.com\\\/en\\\/\",\"logo\":{\"@type\":\"ImageObject\",\"inLanguage\":\"en-US\",\"@id\":\"https:\\\/\\\/dicelair.com\\\/en\\\/#\\\/schema\\\/logo\\\/image\\\/\",\"url\":\"https:\\\/\\\/dicelair.com\\\/wp-content\\\/uploads\\\/2020\\\/01\\\/82042258_2854547527930706_766536376823840768_o.jpg\",\"contentUrl\":\"https:\\\/\\\/dicelair.com\\\/wp-content\\\/uploads\\\/2020\\\/01\\\/82042258_2854547527930706_766536376823840768_o.jpg\",\"width\":960,\"height\":960,\"caption\":\"DICE LAIR\"},\"image\":{\"@id\":\"https:\\\/\\\/dicelair.com\\\/en\\\/#\\\/schema\\\/logo\\\/image\\\/\"},\"sameAs\":[\"https:\\\/\\\/www.facebook.com\\\/dicelaircompany\",\"https:\\\/\\\/www.instagram.com\\\/dice_lair\\\/\"]}]}<\/script>\n<!-- \/ Yoast SEO plugin. -->","yoast_head_json":{"title":"Organizer RPG \/ lanciadadi in legno - Drago &#8226; Dice Lair","description":"Organizer RPG portadadi e lanciadadi in legno scuro rettangolare (20 x 20 x 3.5 cm) con grafica drago.Questa scatola con chiusura magnetica si divide in due, una parte \u00e8 foderata con velluto e serve come dice tray, l'altra invece serve per contenere dadi e altri oggetti utili per le tue sessioni!","robots":{"index":"index","follow":"follow","max-snippet":"max-snippet:-1","max-image-preview":"max-image-preview:large","max-video-preview":"max-video-preview:-1"},"canonical":"https:\/\/dicelair.com\/en\/shop\/accessories\/dice-roller\/organizer-rpg-lancia-dadi-drago\/","og_locale":"en_US","og_type":"article","og_title":"Organizer RPG \/ lanciadadi in legno - Drago &#8226; Dice Lair","og_description":"Organizer RPG portadadi e lanciadadi in legno scuro rettangolare (20 x 20 x 3.5 cm) con grafica drago.Questa scatola con chiusura magnetica si divide in due, una parte \u00e8 foderata con velluto e serve come dice tray, l'altra invece serve per contenere dadi e altri oggetti utili per le tue sessioni!","og_url":"https:\/\/dicelair.com\/en\/shop\/accessories\/dice-roller\/organizer-rpg-lancia-dadi-drago\/","og_site_name":"Dice Lair","article_publisher":"https:\/\/www.facebook.com\/dicelaircompany","article_modified_time":"2026-01-26T10:29:07+00:00","og_image":[{"width":1200,"height":1200,"url":"https:\/\/dicelair.com\/wp-content\/uploads\/2023\/09\/PORTADADI-LEGNO-DRAGO-ROSSO-3.jpg","type":"image\/jpeg"}],"twitter_card":"summary_large_image","twitter_misc":{"Est. reading time":"1 minute"},"schema":{"@context":"https:\/\/schema.org","@graph":[{"@type":"WebPage","@id":"https:\/\/dicelair.com\/en\/shop\/accessories\/dice-roller\/organizer-rpg-lancia-dadi-drago\/","url":"https:\/\/dicelair.com\/en\/shop\/accessories\/dice-roller\/organizer-rpg-lancia-dadi-drago\/","name":"Organizer RPG \/ lanciadadi in legno - Drago &#8226; Dice Lair","isPartOf":{"@id":"https:\/\/dicelair.com\/en\/#website"},"primaryImageOfPage":{"@id":"https:\/\/dicelair.com\/en\/shop\/accessories\/dice-roller\/organizer-rpg-lancia-dadi-drago\/#primaryimage"},"image":{"@id":"https:\/\/dicelair.com\/en\/shop\/accessories\/dice-roller\/organizer-rpg-lancia-dadi-drago\/#primaryimage"},"thumbnailUrl":"https:\/\/dicelair.com\/wp-content\/uploads\/2023\/09\/PORTADADI-LEGNO-DRAGO-ROSSO-3.jpg","datePublished":"2023-09-28T08:05:20+00:00","dateModified":"2026-01-26T10:29:07+00:00","description":"Organizer RPG portadadi e lanciadadi in legno scuro rettangolare (20 x 20 x 3.5 cm) con grafica drago.Questa scatola con chiusura magnetica si divide in due, una parte \u00e8 foderata con velluto e serve come dice tray, l'altra invece serve per contenere dadi e altri oggetti utili per le tue sessioni!","breadcrumb":{"@id":"https:\/\/dicelair.com\/en\/shop\/accessories\/dice-roller\/organizer-rpg-lancia-dadi-drago\/#breadcrumb"},"inLanguage":"en-US","potentialAction":[{"@type":"ReadAction","target":["https:\/\/dicelair.com\/en\/shop\/accessories\/dice-roller\/organizer-rpg-lancia-dadi-drago\/"]}]},{"@type":"ImageObject","inLanguage":"en-US","@id":"https:\/\/dicelair.com\/en\/shop\/accessories\/dice-roller\/organizer-rpg-lancia-dadi-drago\/#primaryimage","url":"https:\/\/dicelair.com\/wp-content\/uploads\/2023\/09\/PORTADADI-LEGNO-DRAGO-ROSSO-3.jpg","contentUrl":"https:\/\/dicelair.com\/wp-content\/uploads\/2023\/09\/PORTADADI-LEGNO-DRAGO-ROSSO-3.jpg","width":1200,"height":1200},{"@type":"BreadcrumbList","@id":"https:\/\/dicelair.com\/en\/shop\/accessories\/dice-roller\/organizer-rpg-lancia-dadi-drago\/#breadcrumb","itemListElement":[{"@type":"ListItem","position":1,"name":"Home","item":"https:\/\/dicelair.com\/en\/"},{"@type":"ListItem","position":2,"name":"Shop","item":"https:\/\/dicelair.com\/en\/shop\/"},{"@type":"ListItem","position":3,"name":"ACCESSORIES","item":"https:\/\/dicelair.com\/en\/product-category\/accessories\/"},{"@type":"ListItem","position":4,"name":"DICE ROLLER","item":"https:\/\/dicelair.com\/en\/product-category\/accessories\/dice-roller\/"},{"@type":"ListItem","position":5,"name":"Organizer RPG \/ lanciadadi in legno &#8211; Drago"}]},{"@type":"WebSite","@id":"https:\/\/dicelair.com\/en\/#website","url":"https:\/\/dicelair.com\/en\/","name":"Dice Lair","description":"All Around RPG Worlds","publisher":{"@id":"https:\/\/dicelair.com\/en\/#organization"},"potentialAction":[{"@type":"SearchAction","target":{"@type":"EntryPoint","urlTemplate":"https:\/\/dicelair.com\/en\/?s={search_term_string}"},"query-input":{"@type":"PropertyValueSpecification","valueRequired":true,"valueName":"search_term_string"}}],"inLanguage":"en-US"},{"@type":"Organization","@id":"https:\/\/dicelair.com\/en\/#organization","name":"DICE LAIR","url":"https:\/\/dicelair.com\/en\/","logo":{"@type":"ImageObject","inLanguage":"en-US","@id":"https:\/\/dicelair.com\/en\/#\/schema\/logo\/image\/","url":"https:\/\/dicelair.com\/wp-content\/uploads\/2020\/01\/82042258_2854547527930706_766536376823840768_o.jpg","contentUrl":"https:\/\/dicelair.com\/wp-content\/uploads\/2020\/01\/82042258_2854547527930706_766536376823840768_o.jpg","width":960,"height":960,"caption":"DICE LAIR"},"image":{"@id":"https:\/\/dicelair.com\/en\/#\/schema\/logo\/image\/"},"sameAs":["https:\/\/www.facebook.com\/dicelaircompany","https:\/\/www.instagram.com\/dice_lair\/"]}]}},"_links":{"self":[{"href":"https:\/\/dicelair.com\/en\/wp-json\/wp\/v2\/product\/20911","targetHints":{"allow":["GET"]}}],"collection":[{"href":"https:\/\/dicelair.com\/en\/wp-json\/wp\/v2\/product"}],"about":[{"href":"https:\/\/dicelair.com\/en\/wp-json\/wp\/v2\/types\/product"}],"wp:featuredmedia":[{"embeddable":true,"href":"https:\/\/dicelair.com\/en\/wp-json\/wp\/v2\/media\/19452"}],"wp:attachment":[{"href":"https:\/\/dicelair.com\/en\/wp-json\/wp\/v2\/media?parent=20911"}],"wp:term":[{"taxonomy":"product_brand","embeddable":true,"href":"https:\/\/dicelair.com\/en\/wp-json\/wp\/v2\/product_brand?post=20911"},{"taxonomy":"product_cat","embeddable":true,"href":"https:\/\/dicelair.com\/en\/wp-json\/wp\/v2\/product_cat?post=20911"},{"taxonomy":"product_tag","embeddable":true,"href":"https:\/\/dicelair.com\/en\/wp-json\/wp\/v2\/product_tag?post=20911"},{"taxonomy":"giftcard-category","embeddable":true,"href":"https:\/\/dicelair.com\/en\/wp-json\/wp\/v2\/giftcard-category?post=20911"}],"curies":[{"name":"wp","href":"https:\/\/api.w.org\/{rel}","templated":true}]}}