{"id":20965,"date":"2023-09-14T11:16:00","date_gmt":"2023-09-14T09:16:00","guid":{"rendered":"https:\/\/dicelair.com\/shop\/uncategorized\/sacchetto-multipocket-azzurro\/"},"modified":"2026-02-16T10:29:27","modified_gmt":"2026-02-16T09:29:27","slug":"sacchetto-multipocket-azzurro","status":"publish","type":"product","link":"https:\/\/dicelair.com\/en\/shop\/accessories\/dice-holder\/sacchetto-multipocket-azzurro\/","title":{"rendered":"Sacchetto multipocket &#8211; azzurro"},"content":{"rendered":"<p>AVVERTENZA! Questo prodotto non \u00e8 un giocattolo. Non \u00e8 destinato ad essere venduto e utilizzato da bambini di et\u00e0 inferiore a 14 anni.<\/p>\n","protected":false},"excerpt":{"rendered":"<p>Sacchetto portadadi in flanella color azzurro all&#8217;esterno e nero all&#8217;interno con chiusura a laccio con teschi in metallo; molto capiende con 7 scomparti all&#8217;interno. Pu\u00f2 contenere almeno 200 dadi!<br \/>\nMisure da aperto: diametro: 31,5 cm; altezza: 11cm. Misure da chiuso: diametro: 17cm; altezza: 11,5 cm.<\/p>\n","protected":false},"featured_media":19111,"template":"","meta":[],"product_brand":[],"product_cat":[648,1013],"product_tag":[898,876],"giftcard-category":[],"class_list":{"0":"post-20965","1":"product","2":"type-product","3":"status-publish","4":"has-post-thumbnail","6":"product_cat-dice-holder","7":"product_cat-preorderable","8":"product_tag-sky-blue","9":"product_tag-velvet","11":"first","12":"instock","13":"taxable","14":"shipping-taxable","15":"purchasable","16":"product-type-simple"},"yoast_head":"<!-- This site is optimized with the Yoast SEO plugin v27.3 - https:\/\/yoast.com\/product\/yoast-seo-wordpress\/ -->\n<title>Sacchetto multipocket - azzurro &#8226; Dice Lair<\/title>\n<meta name=\"description\" content=\"Sacchetto portadadi in flanella color azzurro all&#039;esterno e nero all&#039;interno con chiusura a laccio con teschi in metallo; molto capiende con 7 scomparti all&#039;interno. Pu\u00f2 contenere almeno 200 dadi! Misure da aperto: diametro: 31,5 cm; altezza: 11cm. Misure da chiuso: diametro: 17cm; altezza: 11,5 cm.\" \/>\n<meta name=\"robots\" content=\"index, follow, max-snippet:-1, max-image-preview:large, max-video-preview:-1\" \/>\n<link rel=\"canonical\" href=\"https:\/\/dicelair.com\/en\/shop\/accessories\/dice-holder\/sacchetto-multipocket-azzurro\/\" \/>\n<meta property=\"og:locale\" content=\"en_US\" \/>\n<meta property=\"og:type\" content=\"article\" \/>\n<meta property=\"og:title\" content=\"Sacchetto multipocket - azzurro &#8226; Dice Lair\" \/>\n<meta property=\"og:description\" content=\"Sacchetto portadadi in flanella color azzurro all&#039;esterno e nero all&#039;interno con chiusura a laccio con teschi in metallo; molto capiende con 7 scomparti all&#039;interno. Pu\u00f2 contenere almeno 200 dadi! Misure da aperto: diametro: 31,5 cm; altezza: 11cm. Misure da chiuso: diametro: 17cm; altezza: 11,5 cm.\" \/>\n<meta property=\"og:url\" content=\"https:\/\/dicelair.com\/en\/shop\/accessories\/dice-holder\/sacchetto-multipocket-azzurro\/\" \/>\n<meta property=\"og:site_name\" content=\"Dice Lair\" \/>\n<meta property=\"article:publisher\" content=\"https:\/\/www.facebook.com\/dicelaircompany\" \/>\n<meta property=\"article:modified_time\" content=\"2026-02-16T09:29:27+00:00\" \/>\n<meta property=\"og:image\" content=\"https:\/\/dicelair.com\/wp-content\/uploads\/2023\/09\/PORTADADI-SACCHETTI-GRANDI-CARTA-ZUCCHERO.jpg\" \/>\n\t<meta property=\"og:image:width\" content=\"1200\" \/>\n\t<meta property=\"og:image:height\" content=\"1200\" \/>\n\t<meta property=\"og:image:type\" content=\"image\/jpeg\" \/>\n<meta name=\"twitter:card\" content=\"summary_large_image\" \/>\n<script type=\"application\/ld+json\" class=\"yoast-schema-graph\">{\"@context\":\"https:\\\/\\\/schema.org\",\"@graph\":[{\"@type\":\"WebPage\",\"@id\":\"https:\\\/\\\/dicelair.com\\\/en\\\/shop\\\/accessories\\\/dice-holder\\\/sacchetto-multipocket-azzurro\\\/\",\"url\":\"https:\\\/\\\/dicelair.com\\\/en\\\/shop\\\/accessories\\\/dice-holder\\\/sacchetto-multipocket-azzurro\\\/\",\"name\":\"Sacchetto multipocket - azzurro &#8226; Dice Lair\",\"isPartOf\":{\"@id\":\"https:\\\/\\\/dicelair.com\\\/en\\\/#website\"},\"primaryImageOfPage\":{\"@id\":\"https:\\\/\\\/dicelair.com\\\/en\\\/shop\\\/accessories\\\/dice-holder\\\/sacchetto-multipocket-azzurro\\\/#primaryimage\"},\"image\":{\"@id\":\"https:\\\/\\\/dicelair.com\\\/en\\\/shop\\\/accessories\\\/dice-holder\\\/sacchetto-multipocket-azzurro\\\/#primaryimage\"},\"thumbnailUrl\":\"https:\\\/\\\/dicelair.com\\\/wp-content\\\/uploads\\\/2023\\\/09\\\/PORTADADI-SACCHETTI-GRANDI-CARTA-ZUCCHERO.jpg\",\"datePublished\":\"2023-09-14T09:16:00+00:00\",\"dateModified\":\"2026-02-16T09:29:27+00:00\",\"description\":\"Sacchetto portadadi in flanella color azzurro all'esterno e nero all'interno con chiusura a laccio con teschi in metallo; molto capiende con 7 scomparti all'interno. Pu\u00f2 contenere almeno 200 dadi! Misure da aperto: diametro: 31,5 cm; altezza: 11cm. Misure da chiuso: diametro: 17cm; altezza: 11,5 cm.\",\"breadcrumb\":{\"@id\":\"https:\\\/\\\/dicelair.com\\\/en\\\/shop\\\/accessories\\\/dice-holder\\\/sacchetto-multipocket-azzurro\\\/#breadcrumb\"},\"inLanguage\":\"en-US\",\"potentialAction\":[{\"@type\":\"ReadAction\",\"target\":[\"https:\\\/\\\/dicelair.com\\\/en\\\/shop\\\/accessories\\\/dice-holder\\\/sacchetto-multipocket-azzurro\\\/\"]}]},{\"@type\":\"ImageObject\",\"inLanguage\":\"en-US\",\"@id\":\"https:\\\/\\\/dicelair.com\\\/en\\\/shop\\\/accessories\\\/dice-holder\\\/sacchetto-multipocket-azzurro\\\/#primaryimage\",\"url\":\"https:\\\/\\\/dicelair.com\\\/wp-content\\\/uploads\\\/2023\\\/09\\\/PORTADADI-SACCHETTI-GRANDI-CARTA-ZUCCHERO.jpg\",\"contentUrl\":\"https:\\\/\\\/dicelair.com\\\/wp-content\\\/uploads\\\/2023\\\/09\\\/PORTADADI-SACCHETTI-GRANDI-CARTA-ZUCCHERO.jpg\",\"width\":1200,\"height\":1200},{\"@type\":\"BreadcrumbList\",\"@id\":\"https:\\\/\\\/dicelair.com\\\/en\\\/shop\\\/accessories\\\/dice-holder\\\/sacchetto-multipocket-azzurro\\\/#breadcrumb\",\"itemListElement\":[{\"@type\":\"ListItem\",\"position\":1,\"name\":\"Home\",\"item\":\"https:\\\/\\\/dicelair.com\\\/en\\\/\"},{\"@type\":\"ListItem\",\"position\":2,\"name\":\"Shop\",\"item\":\"https:\\\/\\\/dicelair.com\\\/en\\\/shop\\\/\"},{\"@type\":\"ListItem\",\"position\":3,\"name\":\"ACCESSORIES\",\"item\":\"https:\\\/\\\/dicelair.com\\\/en\\\/product-category\\\/accessories\\\/\"},{\"@type\":\"ListItem\",\"position\":4,\"name\":\"DICE HOLDER\",\"item\":\"https:\\\/\\\/dicelair.com\\\/en\\\/product-category\\\/accessories\\\/dice-holder\\\/\"},{\"@type\":\"ListItem\",\"position\":5,\"name\":\"Sacchetto multipocket &#8211; azzurro\"}]},{\"@type\":\"WebSite\",\"@id\":\"https:\\\/\\\/dicelair.com\\\/en\\\/#website\",\"url\":\"https:\\\/\\\/dicelair.com\\\/en\\\/\",\"name\":\"Dice Lair\",\"description\":\"All Around RPG Worlds\",\"publisher\":{\"@id\":\"https:\\\/\\\/dicelair.com\\\/en\\\/#organization\"},\"potentialAction\":[{\"@type\":\"SearchAction\",\"target\":{\"@type\":\"EntryPoint\",\"urlTemplate\":\"https:\\\/\\\/dicelair.com\\\/en\\\/?s={search_term_string}\"},\"query-input\":{\"@type\":\"PropertyValueSpecification\",\"valueRequired\":true,\"valueName\":\"search_term_string\"}}],\"inLanguage\":\"en-US\"},{\"@type\":\"Organization\",\"@id\":\"https:\\\/\\\/dicelair.com\\\/en\\\/#organization\",\"name\":\"DICE LAIR\",\"url\":\"https:\\\/\\\/dicelair.com\\\/en\\\/\",\"logo\":{\"@type\":\"ImageObject\",\"inLanguage\":\"en-US\",\"@id\":\"https:\\\/\\\/dicelair.com\\\/en\\\/#\\\/schema\\\/logo\\\/image\\\/\",\"url\":\"https:\\\/\\\/dicelair.com\\\/wp-content\\\/uploads\\\/2020\\\/01\\\/82042258_2854547527930706_766536376823840768_o.jpg\",\"contentUrl\":\"https:\\\/\\\/dicelair.com\\\/wp-content\\\/uploads\\\/2020\\\/01\\\/82042258_2854547527930706_766536376823840768_o.jpg\",\"width\":960,\"height\":960,\"caption\":\"DICE LAIR\"},\"image\":{\"@id\":\"https:\\\/\\\/dicelair.com\\\/en\\\/#\\\/schema\\\/logo\\\/image\\\/\"},\"sameAs\":[\"https:\\\/\\\/www.facebook.com\\\/dicelaircompany\",\"https:\\\/\\\/www.instagram.com\\\/dice_lair\\\/\"]}]}<\/script>\n<!-- \/ Yoast SEO plugin. -->","yoast_head_json":{"title":"Sacchetto multipocket - azzurro &#8226; Dice Lair","description":"Sacchetto portadadi in flanella color azzurro all'esterno e nero all'interno con chiusura a laccio con teschi in metallo; molto capiende con 7 scomparti all'interno. Pu\u00f2 contenere almeno 200 dadi! Misure da aperto: diametro: 31,5 cm; altezza: 11cm. Misure da chiuso: diametro: 17cm; altezza: 11,5 cm.","robots":{"index":"index","follow":"follow","max-snippet":"max-snippet:-1","max-image-preview":"max-image-preview:large","max-video-preview":"max-video-preview:-1"},"canonical":"https:\/\/dicelair.com\/en\/shop\/accessories\/dice-holder\/sacchetto-multipocket-azzurro\/","og_locale":"en_US","og_type":"article","og_title":"Sacchetto multipocket - azzurro &#8226; Dice Lair","og_description":"Sacchetto portadadi in flanella color azzurro all'esterno e nero all'interno con chiusura a laccio con teschi in metallo; molto capiende con 7 scomparti all'interno. Pu\u00f2 contenere almeno 200 dadi! Misure da aperto: diametro: 31,5 cm; altezza: 11cm. Misure da chiuso: diametro: 17cm; altezza: 11,5 cm.","og_url":"https:\/\/dicelair.com\/en\/shop\/accessories\/dice-holder\/sacchetto-multipocket-azzurro\/","og_site_name":"Dice Lair","article_publisher":"https:\/\/www.facebook.com\/dicelaircompany","article_modified_time":"2026-02-16T09:29:27+00:00","og_image":[{"width":1200,"height":1200,"url":"https:\/\/dicelair.com\/wp-content\/uploads\/2023\/09\/PORTADADI-SACCHETTI-GRANDI-CARTA-ZUCCHERO.jpg","type":"image\/jpeg"}],"twitter_card":"summary_large_image","schema":{"@context":"https:\/\/schema.org","@graph":[{"@type":"WebPage","@id":"https:\/\/dicelair.com\/en\/shop\/accessories\/dice-holder\/sacchetto-multipocket-azzurro\/","url":"https:\/\/dicelair.com\/en\/shop\/accessories\/dice-holder\/sacchetto-multipocket-azzurro\/","name":"Sacchetto multipocket - azzurro &#8226; Dice Lair","isPartOf":{"@id":"https:\/\/dicelair.com\/en\/#website"},"primaryImageOfPage":{"@id":"https:\/\/dicelair.com\/en\/shop\/accessories\/dice-holder\/sacchetto-multipocket-azzurro\/#primaryimage"},"image":{"@id":"https:\/\/dicelair.com\/en\/shop\/accessories\/dice-holder\/sacchetto-multipocket-azzurro\/#primaryimage"},"thumbnailUrl":"https:\/\/dicelair.com\/wp-content\/uploads\/2023\/09\/PORTADADI-SACCHETTI-GRANDI-CARTA-ZUCCHERO.jpg","datePublished":"2023-09-14T09:16:00+00:00","dateModified":"2026-02-16T09:29:27+00:00","description":"Sacchetto portadadi in flanella color azzurro all'esterno e nero all'interno con chiusura a laccio con teschi in metallo; molto capiende con 7 scomparti all'interno. Pu\u00f2 contenere almeno 200 dadi! Misure da aperto: diametro: 31,5 cm; altezza: 11cm. Misure da chiuso: diametro: 17cm; altezza: 11,5 cm.","breadcrumb":{"@id":"https:\/\/dicelair.com\/en\/shop\/accessories\/dice-holder\/sacchetto-multipocket-azzurro\/#breadcrumb"},"inLanguage":"en-US","potentialAction":[{"@type":"ReadAction","target":["https:\/\/dicelair.com\/en\/shop\/accessories\/dice-holder\/sacchetto-multipocket-azzurro\/"]}]},{"@type":"ImageObject","inLanguage":"en-US","@id":"https:\/\/dicelair.com\/en\/shop\/accessories\/dice-holder\/sacchetto-multipocket-azzurro\/#primaryimage","url":"https:\/\/dicelair.com\/wp-content\/uploads\/2023\/09\/PORTADADI-SACCHETTI-GRANDI-CARTA-ZUCCHERO.jpg","contentUrl":"https:\/\/dicelair.com\/wp-content\/uploads\/2023\/09\/PORTADADI-SACCHETTI-GRANDI-CARTA-ZUCCHERO.jpg","width":1200,"height":1200},{"@type":"BreadcrumbList","@id":"https:\/\/dicelair.com\/en\/shop\/accessories\/dice-holder\/sacchetto-multipocket-azzurro\/#breadcrumb","itemListElement":[{"@type":"ListItem","position":1,"name":"Home","item":"https:\/\/dicelair.com\/en\/"},{"@type":"ListItem","position":2,"name":"Shop","item":"https:\/\/dicelair.com\/en\/shop\/"},{"@type":"ListItem","position":3,"name":"ACCESSORIES","item":"https:\/\/dicelair.com\/en\/product-category\/accessories\/"},{"@type":"ListItem","position":4,"name":"DICE HOLDER","item":"https:\/\/dicelair.com\/en\/product-category\/accessories\/dice-holder\/"},{"@type":"ListItem","position":5,"name":"Sacchetto multipocket &#8211; azzurro"}]},{"@type":"WebSite","@id":"https:\/\/dicelair.com\/en\/#website","url":"https:\/\/dicelair.com\/en\/","name":"Dice Lair","description":"All Around RPG Worlds","publisher":{"@id":"https:\/\/dicelair.com\/en\/#organization"},"potentialAction":[{"@type":"SearchAction","target":{"@type":"EntryPoint","urlTemplate":"https:\/\/dicelair.com\/en\/?s={search_term_string}"},"query-input":{"@type":"PropertyValueSpecification","valueRequired":true,"valueName":"search_term_string"}}],"inLanguage":"en-US"},{"@type":"Organization","@id":"https:\/\/dicelair.com\/en\/#organization","name":"DICE LAIR","url":"https:\/\/dicelair.com\/en\/","logo":{"@type":"ImageObject","inLanguage":"en-US","@id":"https:\/\/dicelair.com\/en\/#\/schema\/logo\/image\/","url":"https:\/\/dicelair.com\/wp-content\/uploads\/2020\/01\/82042258_2854547527930706_766536376823840768_o.jpg","contentUrl":"https:\/\/dicelair.com\/wp-content\/uploads\/2020\/01\/82042258_2854547527930706_766536376823840768_o.jpg","width":960,"height":960,"caption":"DICE LAIR"},"image":{"@id":"https:\/\/dicelair.com\/en\/#\/schema\/logo\/image\/"},"sameAs":["https:\/\/www.facebook.com\/dicelaircompany","https:\/\/www.instagram.com\/dice_lair\/"]}]}},"_links":{"self":[{"href":"https:\/\/dicelair.com\/en\/wp-json\/wp\/v2\/product\/20965","targetHints":{"allow":["GET"]}}],"collection":[{"href":"https:\/\/dicelair.com\/en\/wp-json\/wp\/v2\/product"}],"about":[{"href":"https:\/\/dicelair.com\/en\/wp-json\/wp\/v2\/types\/product"}],"wp:featuredmedia":[{"embeddable":true,"href":"https:\/\/dicelair.com\/en\/wp-json\/wp\/v2\/media\/19111"}],"wp:attachment":[{"href":"https:\/\/dicelair.com\/en\/wp-json\/wp\/v2\/media?parent=20965"}],"wp:term":[{"taxonomy":"product_brand","embeddable":true,"href":"https:\/\/dicelair.com\/en\/wp-json\/wp\/v2\/product_brand?post=20965"},{"taxonomy":"product_cat","embeddable":true,"href":"https:\/\/dicelair.com\/en\/wp-json\/wp\/v2\/product_cat?post=20965"},{"taxonomy":"product_tag","embeddable":true,"href":"https:\/\/dicelair.com\/en\/wp-json\/wp\/v2\/product_tag?post=20965"},{"taxonomy":"giftcard-category","embeddable":true,"href":"https:\/\/dicelair.com\/en\/wp-json\/wp\/v2\/giftcard-category?post=20965"}],"curies":[{"name":"wp","href":"https:\/\/api.w.org\/{rel}","templated":true}]}}