{"id":21112,"date":"2023-05-29T17:12:38","date_gmt":"2023-05-29T15:12:38","guid":{"rendered":"https:\/\/dicelair.com\/shop\/uncategorized\/set-in-metallo-cavo-spade-oroblu-copia\/"},"modified":"2025-11-21T12:36:45","modified_gmt":"2025-11-21T11:36:45","slug":"set-in-metallo-cavo-spade-oroblu-copia","status":"publish","type":"product","link":"https:\/\/dicelair.com\/en\/shop\/dice\/hollow-metal-dice-set\/swords-hollow\/set-in-metallo-cavo-spade-oroblu-copia\/","title":{"rendered":"Dadi in Metallo cavo spade oro+blu"},"content":{"rendered":"<p>Set di dadi classico per giochi di ruolo da 7 pezzi (D4, D6, D8, D10, D00, D12, D20). N.B. Con ogni set di dadi acquistato viene  incluso in OMAGGIO un sacchettino di velluto che pu\u00f2 contenere all&#8217;incirca 4 set di dadi.<br \/>\nAVVERTENZA! Questo prodotto non \u00e8 un giocattolo. Non \u00e8 destinato ad essere venduto e utilizzato da bambini di et\u00e0 inferiore a 14 anni.<\/p>\n","protected":false},"excerpt":{"rendered":"<p>Set classico di dadi per RPG di metallo spade oro+blu<\/p>\n","protected":false},"featured_media":18532,"template":"","meta":[],"product_brand":[],"product_cat":[1013,712],"product_tag":[835,900,628,886,629,909,627],"giftcard-category":[],"class_list":{"0":"post-21112","1":"product","2":"type-product","3":"status-publish","4":"has-post-thumbnail","6":"product_cat-preorderable","7":"product_cat-swords-hollow","8":"product_tag-18mm-en","9":"product_tag-antique","10":"product_tag-blue","11":"product_tag-classic-set-7pcs","12":"product_tag-oro-en","13":"product_tag-hollow","14":"product_tag-metal-en","16":"first","17":"instock","18":"taxable","19":"shipping-taxable","20":"purchasable","21":"product-type-simple"},"yoast_head":"<!-- This site is optimized with the Yoast SEO plugin v27.3 - https:\/\/yoast.com\/product\/yoast-seo-wordpress\/ -->\n<title>Dadi in Metallo cavo spade oro+blu &#8226; Dice Lair<\/title>\n<meta name=\"description\" content=\"Set classico di dadi per RPG di metallo spade oro+blu\" \/>\n<meta name=\"robots\" content=\"index, follow, max-snippet:-1, max-image-preview:large, max-video-preview:-1\" \/>\n<link rel=\"canonical\" href=\"https:\/\/dicelair.com\/en\/shop\/dice\/hollow-metal-dice-set\/swords-hollow\/set-in-metallo-cavo-spade-oroblu-copia\/\" \/>\n<meta property=\"og:locale\" content=\"en_US\" \/>\n<meta property=\"og:type\" content=\"article\" \/>\n<meta property=\"og:title\" content=\"Dadi in Metallo cavo spade oro+blu &#8226; Dice Lair\" \/>\n<meta property=\"og:description\" content=\"Set classico di dadi per RPG di metallo spade oro+blu\" \/>\n<meta property=\"og:url\" content=\"https:\/\/dicelair.com\/en\/shop\/dice\/hollow-metal-dice-set\/swords-hollow\/set-in-metallo-cavo-spade-oroblu-copia\/\" \/>\n<meta property=\"og:site_name\" content=\"Dice Lair\" \/>\n<meta property=\"article:publisher\" content=\"https:\/\/www.facebook.com\/dicelaircompany\" \/>\n<meta property=\"article:modified_time\" content=\"2025-11-21T11:36:45+00:00\" \/>\n<meta property=\"og:image\" content=\"https:\/\/dicelair.com\/wp-content\/uploads\/2023\/05\/DADI-MAGGIO-126.png\" \/>\n\t<meta property=\"og:image:width\" content=\"1200\" \/>\n\t<meta property=\"og:image:height\" content=\"1200\" \/>\n\t<meta property=\"og:image:type\" content=\"image\/png\" \/>\n<meta name=\"twitter:card\" content=\"summary_large_image\" \/>\n<script type=\"application\/ld+json\" class=\"yoast-schema-graph\">{\"@context\":\"https:\\\/\\\/schema.org\",\"@graph\":[{\"@type\":\"WebPage\",\"@id\":\"https:\\\/\\\/dicelair.com\\\/en\\\/shop\\\/dice\\\/hollow-metal-dice-set\\\/swords-hollow\\\/set-in-metallo-cavo-spade-oroblu-copia\\\/\",\"url\":\"https:\\\/\\\/dicelair.com\\\/en\\\/shop\\\/dice\\\/hollow-metal-dice-set\\\/swords-hollow\\\/set-in-metallo-cavo-spade-oroblu-copia\\\/\",\"name\":\"Dadi in Metallo cavo spade oro+blu &#8226; Dice Lair\",\"isPartOf\":{\"@id\":\"https:\\\/\\\/dicelair.com\\\/en\\\/#website\"},\"primaryImageOfPage\":{\"@id\":\"https:\\\/\\\/dicelair.com\\\/en\\\/shop\\\/dice\\\/hollow-metal-dice-set\\\/swords-hollow\\\/set-in-metallo-cavo-spade-oroblu-copia\\\/#primaryimage\"},\"image\":{\"@id\":\"https:\\\/\\\/dicelair.com\\\/en\\\/shop\\\/dice\\\/hollow-metal-dice-set\\\/swords-hollow\\\/set-in-metallo-cavo-spade-oroblu-copia\\\/#primaryimage\"},\"thumbnailUrl\":\"https:\\\/\\\/dicelair.com\\\/wp-content\\\/uploads\\\/2023\\\/05\\\/DADI-MAGGIO-126.png\",\"datePublished\":\"2023-05-29T15:12:38+00:00\",\"dateModified\":\"2025-11-21T11:36:45+00:00\",\"description\":\"Set classico di dadi per RPG di metallo spade oro+blu\",\"breadcrumb\":{\"@id\":\"https:\\\/\\\/dicelair.com\\\/en\\\/shop\\\/dice\\\/hollow-metal-dice-set\\\/swords-hollow\\\/set-in-metallo-cavo-spade-oroblu-copia\\\/#breadcrumb\"},\"inLanguage\":\"en-US\",\"potentialAction\":[{\"@type\":\"ReadAction\",\"target\":[\"https:\\\/\\\/dicelair.com\\\/en\\\/shop\\\/dice\\\/hollow-metal-dice-set\\\/swords-hollow\\\/set-in-metallo-cavo-spade-oroblu-copia\\\/\"]}]},{\"@type\":\"ImageObject\",\"inLanguage\":\"en-US\",\"@id\":\"https:\\\/\\\/dicelair.com\\\/en\\\/shop\\\/dice\\\/hollow-metal-dice-set\\\/swords-hollow\\\/set-in-metallo-cavo-spade-oroblu-copia\\\/#primaryimage\",\"url\":\"https:\\\/\\\/dicelair.com\\\/wp-content\\\/uploads\\\/2023\\\/05\\\/DADI-MAGGIO-126.png\",\"contentUrl\":\"https:\\\/\\\/dicelair.com\\\/wp-content\\\/uploads\\\/2023\\\/05\\\/DADI-MAGGIO-126.png\",\"width\":1200,\"height\":1200},{\"@type\":\"BreadcrumbList\",\"@id\":\"https:\\\/\\\/dicelair.com\\\/en\\\/shop\\\/dice\\\/hollow-metal-dice-set\\\/swords-hollow\\\/set-in-metallo-cavo-spade-oroblu-copia\\\/#breadcrumb\",\"itemListElement\":[{\"@type\":\"ListItem\",\"position\":1,\"name\":\"Home\",\"item\":\"https:\\\/\\\/dicelair.com\\\/en\\\/\"},{\"@type\":\"ListItem\",\"position\":2,\"name\":\"Shop\",\"item\":\"https:\\\/\\\/dicelair.com\\\/en\\\/shop\\\/\"},{\"@type\":\"ListItem\",\"position\":3,\"name\":\"DICE\",\"item\":\"https:\\\/\\\/dicelair.com\\\/en\\\/product-category\\\/dice\\\/\"},{\"@type\":\"ListItem\",\"position\":4,\"name\":\"HOLLOW METAL DICE SET\",\"item\":\"https:\\\/\\\/dicelair.com\\\/en\\\/product-category\\\/dice\\\/hollow-metal-dice-set\\\/\"},{\"@type\":\"ListItem\",\"position\":5,\"name\":\"Swords-Hollow\",\"item\":\"https:\\\/\\\/dicelair.com\\\/en\\\/product-category\\\/dice\\\/hollow-metal-dice-set\\\/swords-hollow\\\/\"},{\"@type\":\"ListItem\",\"position\":6,\"name\":\"Dadi in Metallo cavo spade oro+blu\"}]},{\"@type\":\"WebSite\",\"@id\":\"https:\\\/\\\/dicelair.com\\\/en\\\/#website\",\"url\":\"https:\\\/\\\/dicelair.com\\\/en\\\/\",\"name\":\"Dice Lair\",\"description\":\"All Around RPG Worlds\",\"publisher\":{\"@id\":\"https:\\\/\\\/dicelair.com\\\/en\\\/#organization\"},\"potentialAction\":[{\"@type\":\"SearchAction\",\"target\":{\"@type\":\"EntryPoint\",\"urlTemplate\":\"https:\\\/\\\/dicelair.com\\\/en\\\/?s={search_term_string}\"},\"query-input\":{\"@type\":\"PropertyValueSpecification\",\"valueRequired\":true,\"valueName\":\"search_term_string\"}}],\"inLanguage\":\"en-US\"},{\"@type\":\"Organization\",\"@id\":\"https:\\\/\\\/dicelair.com\\\/en\\\/#organization\",\"name\":\"DICE LAIR\",\"url\":\"https:\\\/\\\/dicelair.com\\\/en\\\/\",\"logo\":{\"@type\":\"ImageObject\",\"inLanguage\":\"en-US\",\"@id\":\"https:\\\/\\\/dicelair.com\\\/en\\\/#\\\/schema\\\/logo\\\/image\\\/\",\"url\":\"https:\\\/\\\/dicelair.com\\\/wp-content\\\/uploads\\\/2020\\\/01\\\/82042258_2854547527930706_766536376823840768_o.jpg\",\"contentUrl\":\"https:\\\/\\\/dicelair.com\\\/wp-content\\\/uploads\\\/2020\\\/01\\\/82042258_2854547527930706_766536376823840768_o.jpg\",\"width\":960,\"height\":960,\"caption\":\"DICE LAIR\"},\"image\":{\"@id\":\"https:\\\/\\\/dicelair.com\\\/en\\\/#\\\/schema\\\/logo\\\/image\\\/\"},\"sameAs\":[\"https:\\\/\\\/www.facebook.com\\\/dicelaircompany\",\"https:\\\/\\\/www.instagram.com\\\/dice_lair\\\/\"]}]}<\/script>\n<!-- \/ Yoast SEO plugin. -->","yoast_head_json":{"title":"Dadi in Metallo cavo spade oro+blu &#8226; Dice Lair","description":"Set classico di dadi per RPG di metallo spade oro+blu","robots":{"index":"index","follow":"follow","max-snippet":"max-snippet:-1","max-image-preview":"max-image-preview:large","max-video-preview":"max-video-preview:-1"},"canonical":"https:\/\/dicelair.com\/en\/shop\/dice\/hollow-metal-dice-set\/swords-hollow\/set-in-metallo-cavo-spade-oroblu-copia\/","og_locale":"en_US","og_type":"article","og_title":"Dadi in Metallo cavo spade oro+blu &#8226; Dice Lair","og_description":"Set classico di dadi per RPG di metallo spade oro+blu","og_url":"https:\/\/dicelair.com\/en\/shop\/dice\/hollow-metal-dice-set\/swords-hollow\/set-in-metallo-cavo-spade-oroblu-copia\/","og_site_name":"Dice Lair","article_publisher":"https:\/\/www.facebook.com\/dicelaircompany","article_modified_time":"2025-11-21T11:36:45+00:00","og_image":[{"width":1200,"height":1200,"url":"https:\/\/dicelair.com\/wp-content\/uploads\/2023\/05\/DADI-MAGGIO-126.png","type":"image\/png"}],"twitter_card":"summary_large_image","schema":{"@context":"https:\/\/schema.org","@graph":[{"@type":"WebPage","@id":"https:\/\/dicelair.com\/en\/shop\/dice\/hollow-metal-dice-set\/swords-hollow\/set-in-metallo-cavo-spade-oroblu-copia\/","url":"https:\/\/dicelair.com\/en\/shop\/dice\/hollow-metal-dice-set\/swords-hollow\/set-in-metallo-cavo-spade-oroblu-copia\/","name":"Dadi in Metallo cavo spade oro+blu &#8226; Dice Lair","isPartOf":{"@id":"https:\/\/dicelair.com\/en\/#website"},"primaryImageOfPage":{"@id":"https:\/\/dicelair.com\/en\/shop\/dice\/hollow-metal-dice-set\/swords-hollow\/set-in-metallo-cavo-spade-oroblu-copia\/#primaryimage"},"image":{"@id":"https:\/\/dicelair.com\/en\/shop\/dice\/hollow-metal-dice-set\/swords-hollow\/set-in-metallo-cavo-spade-oroblu-copia\/#primaryimage"},"thumbnailUrl":"https:\/\/dicelair.com\/wp-content\/uploads\/2023\/05\/DADI-MAGGIO-126.png","datePublished":"2023-05-29T15:12:38+00:00","dateModified":"2025-11-21T11:36:45+00:00","description":"Set classico di dadi per RPG di metallo spade oro+blu","breadcrumb":{"@id":"https:\/\/dicelair.com\/en\/shop\/dice\/hollow-metal-dice-set\/swords-hollow\/set-in-metallo-cavo-spade-oroblu-copia\/#breadcrumb"},"inLanguage":"en-US","potentialAction":[{"@type":"ReadAction","target":["https:\/\/dicelair.com\/en\/shop\/dice\/hollow-metal-dice-set\/swords-hollow\/set-in-metallo-cavo-spade-oroblu-copia\/"]}]},{"@type":"ImageObject","inLanguage":"en-US","@id":"https:\/\/dicelair.com\/en\/shop\/dice\/hollow-metal-dice-set\/swords-hollow\/set-in-metallo-cavo-spade-oroblu-copia\/#primaryimage","url":"https:\/\/dicelair.com\/wp-content\/uploads\/2023\/05\/DADI-MAGGIO-126.png","contentUrl":"https:\/\/dicelair.com\/wp-content\/uploads\/2023\/05\/DADI-MAGGIO-126.png","width":1200,"height":1200},{"@type":"BreadcrumbList","@id":"https:\/\/dicelair.com\/en\/shop\/dice\/hollow-metal-dice-set\/swords-hollow\/set-in-metallo-cavo-spade-oroblu-copia\/#breadcrumb","itemListElement":[{"@type":"ListItem","position":1,"name":"Home","item":"https:\/\/dicelair.com\/en\/"},{"@type":"ListItem","position":2,"name":"Shop","item":"https:\/\/dicelair.com\/en\/shop\/"},{"@type":"ListItem","position":3,"name":"DICE","item":"https:\/\/dicelair.com\/en\/product-category\/dice\/"},{"@type":"ListItem","position":4,"name":"HOLLOW METAL DICE SET","item":"https:\/\/dicelair.com\/en\/product-category\/dice\/hollow-metal-dice-set\/"},{"@type":"ListItem","position":5,"name":"Swords-Hollow","item":"https:\/\/dicelair.com\/en\/product-category\/dice\/hollow-metal-dice-set\/swords-hollow\/"},{"@type":"ListItem","position":6,"name":"Dadi in Metallo cavo spade oro+blu"}]},{"@type":"WebSite","@id":"https:\/\/dicelair.com\/en\/#website","url":"https:\/\/dicelair.com\/en\/","name":"Dice Lair","description":"All Around RPG Worlds","publisher":{"@id":"https:\/\/dicelair.com\/en\/#organization"},"potentialAction":[{"@type":"SearchAction","target":{"@type":"EntryPoint","urlTemplate":"https:\/\/dicelair.com\/en\/?s={search_term_string}"},"query-input":{"@type":"PropertyValueSpecification","valueRequired":true,"valueName":"search_term_string"}}],"inLanguage":"en-US"},{"@type":"Organization","@id":"https:\/\/dicelair.com\/en\/#organization","name":"DICE LAIR","url":"https:\/\/dicelair.com\/en\/","logo":{"@type":"ImageObject","inLanguage":"en-US","@id":"https:\/\/dicelair.com\/en\/#\/schema\/logo\/image\/","url":"https:\/\/dicelair.com\/wp-content\/uploads\/2020\/01\/82042258_2854547527930706_766536376823840768_o.jpg","contentUrl":"https:\/\/dicelair.com\/wp-content\/uploads\/2020\/01\/82042258_2854547527930706_766536376823840768_o.jpg","width":960,"height":960,"caption":"DICE LAIR"},"image":{"@id":"https:\/\/dicelair.com\/en\/#\/schema\/logo\/image\/"},"sameAs":["https:\/\/www.facebook.com\/dicelaircompany","https:\/\/www.instagram.com\/dice_lair\/"]}]}},"_links":{"self":[{"href":"https:\/\/dicelair.com\/en\/wp-json\/wp\/v2\/product\/21112","targetHints":{"allow":["GET"]}}],"collection":[{"href":"https:\/\/dicelair.com\/en\/wp-json\/wp\/v2\/product"}],"about":[{"href":"https:\/\/dicelair.com\/en\/wp-json\/wp\/v2\/types\/product"}],"wp:featuredmedia":[{"embeddable":true,"href":"https:\/\/dicelair.com\/en\/wp-json\/wp\/v2\/media\/18532"}],"wp:attachment":[{"href":"https:\/\/dicelair.com\/en\/wp-json\/wp\/v2\/media?parent=21112"}],"wp:term":[{"taxonomy":"product_brand","embeddable":true,"href":"https:\/\/dicelair.com\/en\/wp-json\/wp\/v2\/product_brand?post=21112"},{"taxonomy":"product_cat","embeddable":true,"href":"https:\/\/dicelair.com\/en\/wp-json\/wp\/v2\/product_cat?post=21112"},{"taxonomy":"product_tag","embeddable":true,"href":"https:\/\/dicelair.com\/en\/wp-json\/wp\/v2\/product_tag?post=21112"},{"taxonomy":"giftcard-category","embeddable":true,"href":"https:\/\/dicelair.com\/en\/wp-json\/wp\/v2\/giftcard-category?post=21112"}],"curies":[{"name":"wp","href":"https:\/\/api.w.org\/{rel}","templated":true}]}}