{"id":21622,"date":"2020-07-29T14:30:18","date_gmt":"2020-07-29T12:30:18","guid":{"rendered":"https:\/\/dicelair.com\/shop\/uncategorized\/d100-di-metallo-rame-satinato\/"},"modified":"2025-11-19T14:58:18","modified_gmt":"2025-11-19T13:58:18","slug":"d100-di-metallo-rame-satinato","status":"publish","type":"product","link":"https:\/\/dicelair.com\/en\/shop\/dice\/dice-by-no-of-sides\/d100-en\/d100-di-metallo-rame-satinato\/","title":{"rendered":"D100 in Metallo oro satinato"},"content":{"rendered":"<p>AVVERTENZA! Questo prodotto non \u00e8 un giocattolo. Non \u00e8 destinato ad essere venduto e utilizzato da bambini di et\u00e0 inferiore a 14 anni.<\/p>\n","protected":false},"excerpt":{"rendered":"<p>Dado a 100 facce di metallo di colore oro satinato<\/p>\n","protected":false},"featured_media":15049,"template":"","meta":[],"product_brand":[],"product_cat":[673,1013],"product_tag":[912,865,629,627,905],"giftcard-category":[],"class_list":{"0":"post-21622","1":"product","2":"type-product","3":"status-publish","4":"has-post-thumbnail","6":"product_cat-d100-en","7":"product_cat-preorderable","8":"product_tag-brushed-frosted","9":"product_tag-d100-en","10":"product_tag-oro-en","11":"product_tag-metal-en","12":"product_tag-single-dice","14":"first","15":"outofstock","16":"taxable","17":"shipping-taxable","18":"purchasable","19":"product-type-simple"},"yoast_head":"<!-- This site is optimized with the Yoast SEO plugin v27.3 - https:\/\/yoast.com\/product\/yoast-seo-wordpress\/ -->\n<title>D100 in Metallo oro satinato &#8226; Dice Lair<\/title>\n<meta name=\"description\" content=\"Dado a 100 facce di metallo di colore oro satinato\" \/>\n<meta name=\"robots\" content=\"index, follow, max-snippet:-1, max-image-preview:large, max-video-preview:-1\" \/>\n<link rel=\"canonical\" href=\"https:\/\/dicelair.com\/en\/shop\/dice\/dice-by-no-of-sides\/d100-en\/d100-di-metallo-rame-satinato\/\" \/>\n<meta property=\"og:locale\" content=\"en_US\" \/>\n<meta property=\"og:type\" content=\"article\" \/>\n<meta property=\"og:title\" content=\"D100 in Metallo oro satinato &#8226; Dice Lair\" \/>\n<meta property=\"og:description\" content=\"Dado a 100 facce di metallo di colore oro satinato\" \/>\n<meta property=\"og:url\" content=\"https:\/\/dicelair.com\/en\/shop\/dice\/dice-by-no-of-sides\/d100-en\/d100-di-metallo-rame-satinato\/\" \/>\n<meta property=\"og:site_name\" content=\"Dice Lair\" \/>\n<meta property=\"article:publisher\" content=\"https:\/\/www.facebook.com\/dicelaircompany\" \/>\n<meta property=\"article:modified_time\" content=\"2025-11-19T13:58:18+00:00\" \/>\n<meta property=\"og:image\" content=\"https:\/\/dicelair.com\/wp-content\/uploads\/2020\/08\/photo5902401318570538169.jpg\" \/>\n\t<meta property=\"og:image:width\" content=\"673\" \/>\n\t<meta property=\"og:image:height\" content=\"673\" \/>\n\t<meta property=\"og:image:type\" content=\"image\/jpeg\" \/>\n<meta name=\"twitter:card\" content=\"summary_large_image\" \/>\n<script type=\"application\/ld+json\" class=\"yoast-schema-graph\">{\"@context\":\"https:\\\/\\\/schema.org\",\"@graph\":[{\"@type\":\"WebPage\",\"@id\":\"https:\\\/\\\/dicelair.com\\\/en\\\/shop\\\/dice\\\/dice-by-no-of-sides\\\/d100-en\\\/d100-di-metallo-rame-satinato\\\/\",\"url\":\"https:\\\/\\\/dicelair.com\\\/en\\\/shop\\\/dice\\\/dice-by-no-of-sides\\\/d100-en\\\/d100-di-metallo-rame-satinato\\\/\",\"name\":\"D100 in Metallo oro satinato &#8226; Dice Lair\",\"isPartOf\":{\"@id\":\"https:\\\/\\\/dicelair.com\\\/en\\\/#website\"},\"primaryImageOfPage\":{\"@id\":\"https:\\\/\\\/dicelair.com\\\/en\\\/shop\\\/dice\\\/dice-by-no-of-sides\\\/d100-en\\\/d100-di-metallo-rame-satinato\\\/#primaryimage\"},\"image\":{\"@id\":\"https:\\\/\\\/dicelair.com\\\/en\\\/shop\\\/dice\\\/dice-by-no-of-sides\\\/d100-en\\\/d100-di-metallo-rame-satinato\\\/#primaryimage\"},\"thumbnailUrl\":\"https:\\\/\\\/dicelair.com\\\/wp-content\\\/uploads\\\/2020\\\/08\\\/photo5902401318570538169.jpg\",\"datePublished\":\"2020-07-29T12:30:18+00:00\",\"dateModified\":\"2025-11-19T13:58:18+00:00\",\"description\":\"Dado a 100 facce di metallo di colore oro satinato\",\"breadcrumb\":{\"@id\":\"https:\\\/\\\/dicelair.com\\\/en\\\/shop\\\/dice\\\/dice-by-no-of-sides\\\/d100-en\\\/d100-di-metallo-rame-satinato\\\/#breadcrumb\"},\"inLanguage\":\"en-US\",\"potentialAction\":[{\"@type\":\"ReadAction\",\"target\":[\"https:\\\/\\\/dicelair.com\\\/en\\\/shop\\\/dice\\\/dice-by-no-of-sides\\\/d100-en\\\/d100-di-metallo-rame-satinato\\\/\"]}]},{\"@type\":\"ImageObject\",\"inLanguage\":\"en-US\",\"@id\":\"https:\\\/\\\/dicelair.com\\\/en\\\/shop\\\/dice\\\/dice-by-no-of-sides\\\/d100-en\\\/d100-di-metallo-rame-satinato\\\/#primaryimage\",\"url\":\"https:\\\/\\\/dicelair.com\\\/wp-content\\\/uploads\\\/2020\\\/08\\\/photo5902401318570538169.jpg\",\"contentUrl\":\"https:\\\/\\\/dicelair.com\\\/wp-content\\\/uploads\\\/2020\\\/08\\\/photo5902401318570538169.jpg\",\"width\":673,\"height\":673},{\"@type\":\"BreadcrumbList\",\"@id\":\"https:\\\/\\\/dicelair.com\\\/en\\\/shop\\\/dice\\\/dice-by-no-of-sides\\\/d100-en\\\/d100-di-metallo-rame-satinato\\\/#breadcrumb\",\"itemListElement\":[{\"@type\":\"ListItem\",\"position\":1,\"name\":\"Home\",\"item\":\"https:\\\/\\\/dicelair.com\\\/en\\\/\"},{\"@type\":\"ListItem\",\"position\":2,\"name\":\"Shop\",\"item\":\"https:\\\/\\\/dicelair.com\\\/en\\\/shop\\\/\"},{\"@type\":\"ListItem\",\"position\":3,\"name\":\"DICE\",\"item\":\"https:\\\/\\\/dicelair.com\\\/en\\\/product-category\\\/dice\\\/\"},{\"@type\":\"ListItem\",\"position\":4,\"name\":\"DICE BY NO. of SIDES\",\"item\":\"https:\\\/\\\/dicelair.com\\\/en\\\/product-category\\\/dice\\\/dice-by-no-of-sides\\\/\"},{\"@type\":\"ListItem\",\"position\":5,\"name\":\"D100\",\"item\":\"https:\\\/\\\/dicelair.com\\\/en\\\/product-category\\\/dice\\\/dice-by-no-of-sides\\\/d100-en\\\/\"},{\"@type\":\"ListItem\",\"position\":6,\"name\":\"D100 in Metallo oro satinato\"}]},{\"@type\":\"WebSite\",\"@id\":\"https:\\\/\\\/dicelair.com\\\/en\\\/#website\",\"url\":\"https:\\\/\\\/dicelair.com\\\/en\\\/\",\"name\":\"Dice Lair\",\"description\":\"All Around RPG Worlds\",\"publisher\":{\"@id\":\"https:\\\/\\\/dicelair.com\\\/en\\\/#organization\"},\"potentialAction\":[{\"@type\":\"SearchAction\",\"target\":{\"@type\":\"EntryPoint\",\"urlTemplate\":\"https:\\\/\\\/dicelair.com\\\/en\\\/?s={search_term_string}\"},\"query-input\":{\"@type\":\"PropertyValueSpecification\",\"valueRequired\":true,\"valueName\":\"search_term_string\"}}],\"inLanguage\":\"en-US\"},{\"@type\":\"Organization\",\"@id\":\"https:\\\/\\\/dicelair.com\\\/en\\\/#organization\",\"name\":\"DICE LAIR\",\"url\":\"https:\\\/\\\/dicelair.com\\\/en\\\/\",\"logo\":{\"@type\":\"ImageObject\",\"inLanguage\":\"en-US\",\"@id\":\"https:\\\/\\\/dicelair.com\\\/en\\\/#\\\/schema\\\/logo\\\/image\\\/\",\"url\":\"https:\\\/\\\/dicelair.com\\\/wp-content\\\/uploads\\\/2020\\\/01\\\/82042258_2854547527930706_766536376823840768_o.jpg\",\"contentUrl\":\"https:\\\/\\\/dicelair.com\\\/wp-content\\\/uploads\\\/2020\\\/01\\\/82042258_2854547527930706_766536376823840768_o.jpg\",\"width\":960,\"height\":960,\"caption\":\"DICE LAIR\"},\"image\":{\"@id\":\"https:\\\/\\\/dicelair.com\\\/en\\\/#\\\/schema\\\/logo\\\/image\\\/\"},\"sameAs\":[\"https:\\\/\\\/www.facebook.com\\\/dicelaircompany\",\"https:\\\/\\\/www.instagram.com\\\/dice_lair\\\/\"]}]}<\/script>\n<!-- \/ Yoast SEO plugin. -->","yoast_head_json":{"title":"D100 in Metallo oro satinato &#8226; Dice Lair","description":"Dado a 100 facce di metallo di colore oro satinato","robots":{"index":"index","follow":"follow","max-snippet":"max-snippet:-1","max-image-preview":"max-image-preview:large","max-video-preview":"max-video-preview:-1"},"canonical":"https:\/\/dicelair.com\/en\/shop\/dice\/dice-by-no-of-sides\/d100-en\/d100-di-metallo-rame-satinato\/","og_locale":"en_US","og_type":"article","og_title":"D100 in Metallo oro satinato &#8226; Dice Lair","og_description":"Dado a 100 facce di metallo di colore oro satinato","og_url":"https:\/\/dicelair.com\/en\/shop\/dice\/dice-by-no-of-sides\/d100-en\/d100-di-metallo-rame-satinato\/","og_site_name":"Dice Lair","article_publisher":"https:\/\/www.facebook.com\/dicelaircompany","article_modified_time":"2025-11-19T13:58:18+00:00","og_image":[{"width":673,"height":673,"url":"https:\/\/dicelair.com\/wp-content\/uploads\/2020\/08\/photo5902401318570538169.jpg","type":"image\/jpeg"}],"twitter_card":"summary_large_image","schema":{"@context":"https:\/\/schema.org","@graph":[{"@type":"WebPage","@id":"https:\/\/dicelair.com\/en\/shop\/dice\/dice-by-no-of-sides\/d100-en\/d100-di-metallo-rame-satinato\/","url":"https:\/\/dicelair.com\/en\/shop\/dice\/dice-by-no-of-sides\/d100-en\/d100-di-metallo-rame-satinato\/","name":"D100 in Metallo oro satinato &#8226; Dice Lair","isPartOf":{"@id":"https:\/\/dicelair.com\/en\/#website"},"primaryImageOfPage":{"@id":"https:\/\/dicelair.com\/en\/shop\/dice\/dice-by-no-of-sides\/d100-en\/d100-di-metallo-rame-satinato\/#primaryimage"},"image":{"@id":"https:\/\/dicelair.com\/en\/shop\/dice\/dice-by-no-of-sides\/d100-en\/d100-di-metallo-rame-satinato\/#primaryimage"},"thumbnailUrl":"https:\/\/dicelair.com\/wp-content\/uploads\/2020\/08\/photo5902401318570538169.jpg","datePublished":"2020-07-29T12:30:18+00:00","dateModified":"2025-11-19T13:58:18+00:00","description":"Dado a 100 facce di metallo di colore oro satinato","breadcrumb":{"@id":"https:\/\/dicelair.com\/en\/shop\/dice\/dice-by-no-of-sides\/d100-en\/d100-di-metallo-rame-satinato\/#breadcrumb"},"inLanguage":"en-US","potentialAction":[{"@type":"ReadAction","target":["https:\/\/dicelair.com\/en\/shop\/dice\/dice-by-no-of-sides\/d100-en\/d100-di-metallo-rame-satinato\/"]}]},{"@type":"ImageObject","inLanguage":"en-US","@id":"https:\/\/dicelair.com\/en\/shop\/dice\/dice-by-no-of-sides\/d100-en\/d100-di-metallo-rame-satinato\/#primaryimage","url":"https:\/\/dicelair.com\/wp-content\/uploads\/2020\/08\/photo5902401318570538169.jpg","contentUrl":"https:\/\/dicelair.com\/wp-content\/uploads\/2020\/08\/photo5902401318570538169.jpg","width":673,"height":673},{"@type":"BreadcrumbList","@id":"https:\/\/dicelair.com\/en\/shop\/dice\/dice-by-no-of-sides\/d100-en\/d100-di-metallo-rame-satinato\/#breadcrumb","itemListElement":[{"@type":"ListItem","position":1,"name":"Home","item":"https:\/\/dicelair.com\/en\/"},{"@type":"ListItem","position":2,"name":"Shop","item":"https:\/\/dicelair.com\/en\/shop\/"},{"@type":"ListItem","position":3,"name":"DICE","item":"https:\/\/dicelair.com\/en\/product-category\/dice\/"},{"@type":"ListItem","position":4,"name":"DICE BY NO. of SIDES","item":"https:\/\/dicelair.com\/en\/product-category\/dice\/dice-by-no-of-sides\/"},{"@type":"ListItem","position":5,"name":"D100","item":"https:\/\/dicelair.com\/en\/product-category\/dice\/dice-by-no-of-sides\/d100-en\/"},{"@type":"ListItem","position":6,"name":"D100 in Metallo oro satinato"}]},{"@type":"WebSite","@id":"https:\/\/dicelair.com\/en\/#website","url":"https:\/\/dicelair.com\/en\/","name":"Dice Lair","description":"All Around RPG Worlds","publisher":{"@id":"https:\/\/dicelair.com\/en\/#organization"},"potentialAction":[{"@type":"SearchAction","target":{"@type":"EntryPoint","urlTemplate":"https:\/\/dicelair.com\/en\/?s={search_term_string}"},"query-input":{"@type":"PropertyValueSpecification","valueRequired":true,"valueName":"search_term_string"}}],"inLanguage":"en-US"},{"@type":"Organization","@id":"https:\/\/dicelair.com\/en\/#organization","name":"DICE LAIR","url":"https:\/\/dicelair.com\/en\/","logo":{"@type":"ImageObject","inLanguage":"en-US","@id":"https:\/\/dicelair.com\/en\/#\/schema\/logo\/image\/","url":"https:\/\/dicelair.com\/wp-content\/uploads\/2020\/01\/82042258_2854547527930706_766536376823840768_o.jpg","contentUrl":"https:\/\/dicelair.com\/wp-content\/uploads\/2020\/01\/82042258_2854547527930706_766536376823840768_o.jpg","width":960,"height":960,"caption":"DICE LAIR"},"image":{"@id":"https:\/\/dicelair.com\/en\/#\/schema\/logo\/image\/"},"sameAs":["https:\/\/www.facebook.com\/dicelaircompany","https:\/\/www.instagram.com\/dice_lair\/"]}]}},"_links":{"self":[{"href":"https:\/\/dicelair.com\/en\/wp-json\/wp\/v2\/product\/21622","targetHints":{"allow":["GET"]}}],"collection":[{"href":"https:\/\/dicelair.com\/en\/wp-json\/wp\/v2\/product"}],"about":[{"href":"https:\/\/dicelair.com\/en\/wp-json\/wp\/v2\/types\/product"}],"wp:featuredmedia":[{"embeddable":true,"href":"https:\/\/dicelair.com\/en\/wp-json\/wp\/v2\/media\/15049"}],"wp:attachment":[{"href":"https:\/\/dicelair.com\/en\/wp-json\/wp\/v2\/media?parent=21622"}],"wp:term":[{"taxonomy":"product_brand","embeddable":true,"href":"https:\/\/dicelair.com\/en\/wp-json\/wp\/v2\/product_brand?post=21622"},{"taxonomy":"product_cat","embeddable":true,"href":"https:\/\/dicelair.com\/en\/wp-json\/wp\/v2\/product_cat?post=21622"},{"taxonomy":"product_tag","embeddable":true,"href":"https:\/\/dicelair.com\/en\/wp-json\/wp\/v2\/product_tag?post=21622"},{"taxonomy":"giftcard-category","embeddable":true,"href":"https:\/\/dicelair.com\/en\/wp-json\/wp\/v2\/giftcard-category?post=21622"}],"curies":[{"name":"wp","href":"https:\/\/api.w.org\/{rel}","templated":true}]}}